{"id":988,"date":"2019-07-06T15:01:51","date_gmt":"2019-07-06T13:01:51","guid":{"rendered":"https:\/\/www.tierarztpraxis-schutterwald.de\/home\/"},"modified":"2025-02-11T19:47:35","modified_gmt":"2025-02-11T18:47:35","slug":"home","status":"publish","type":"page","link":"https:\/\/www.tierarztpraxis-schutterwald.de\/fr\/","title":{"rendered":"Home"},"content":{"rendered":"<p>[et_pb_section fb_built=&#8221;1&#8243; module_id=&#8221;home&#8221; _builder_version=&#8221;4.24.3&#8243; background_enable_color=&#8221;off&#8221; background_enable_image=&#8221;off&#8221; background_position=&#8221;center_right&#8221; custom_margin=&#8221;||||false|false&#8221; custom_padding=&#8221;||||false|false&#8221; saved_tabs=&#8221;all&#8221; global_colors_info=&#8221;{%22gcid-f965131e-7a3e-42aa-b2ad-7d42749ea648%22:%91%22background_color%22%93}&#8221;][et_pb_row column_structure=&#8221;1_3,1_3,1_3&#8243; make_equal=&#8221;on&#8221; _builder_version=&#8221;4.24.3&#8243; _module_preset=&#8221;default&#8221; background_color=&#8221;#FFFFFF&#8221; max_width=&#8221;1600px&#8221; custom_padding=&#8221;40px|40px|40px|40px|true|true&#8221; border_radii=&#8221;on|20px|20px|20px|20px&#8221; global_colors_info=&#8221;{}&#8221;][et_pb_column type=&#8221;1_3&#8243; _builder_version=&#8221;4.24.3&#8243; _module_preset=&#8221;default&#8221; custom_css_main_element=&#8221;margin:auto;&#8221; global_colors_info=&#8221;{}&#8221;][et_pb_image src=&#8221;https:\/\/www.tierarztpraxis-schutterwald.de\/wp-content\/uploads\/logo-tierarztpraxis-beate-kopf-v1.svg&#8221; title_text=&#8221;logo-tierarztpraxis-beate-kopf-v1&#8243; _builder_version=&#8221;4.24.3&#8243; max_width=&#8221;300px&#8221; custom_margin=&#8221;||30px||false|false&#8221; custom_padding=&#8221;||||false|false&#8221; global_colors_info=&#8221;{}&#8221;][\/et_pb_image][et_pb_text _builder_version=&#8221;4.16&#8243; text_font=&#8221;||||||||&#8221; text_font_size=&#8221;15px&#8221; global_colors_info=&#8221;{}&#8221;]<\/p>\n<p><strong>Rendez-vous sur rendez-vous, \u00e9galement en dehors des heures de consultation.<\/strong><\/p>\n<p>[\/et_pb_text][\/et_pb_column][et_pb_column type=&#8221;1_3&#8243; _builder_version=&#8221;4.24.3&#8243; _module_preset=&#8221;default&#8221; global_colors_info=&#8221;{}&#8221;][et_pb_text _builder_version=&#8221;4.24.3&#8243; text_font=&#8221;||||||||&#8221; header_text_color=&#8221;#E02B20&#8243; header_3_text_color=&#8221;#E02B20&#8243; header_3_font_size=&#8221;14px&#8221; header_3_letter_spacing=&#8221;2px&#8221; header_3_line_height=&#8221;1.4em&#8221; header_4_text_color=&#8221;gcid-30abb1c0-5b51-4239-803a-fb4f8b9b9876&#8243; custom_margin=&#8221;||10px||false|false&#8221; locked=&#8221;off&#8221; global_colors_info=&#8221;{%22gcid-30abb1c0-5b51-4239-803a-fb4f8b9b9876%22:%91%22header_4_text_color%22%93}&#8221;]<\/p>\n<h4>Contact<\/h4>\n<p>[\/et_pb_text][et_pb_text _builder_version=&#8221;4.24.3&#8243; _module_preset=&#8221;default&#8221; custom_margin=&#8221;||5px||false|false&#8221; global_colors_info=&#8221;{}&#8221;]<\/p>\n<div class=\"item-icon\">\n<span class=\"icon-map-marker\"><\/span><\/p>\n<div class=\"item-icon-text\"><span>Bahnhofstra\u00dfe 14<\/span><span>77746 Schutterwald<\/span>\n<\/div>\n<\/div>\n<p>[\/et_pb_text][et_pb_text _builder_version=&#8221;4.24.3&#8243; _module_preset=&#8221;default&#8221; custom_margin=&#8221;||5px||false|false&#8221; global_colors_info=&#8221;{}&#8221;]<a href=\"tel:0781 990 3737\" class=\"item-icon\"><span class=\"icon-phone\"><\/span><\/p>\n<div class=\"item-icon-text\"><span>0781 990 3737<\/span><\/div>\n<p><\/a>[\/et_pb_text][\/et_pb_column][et_pb_column type=&#8221;1_3&#8243; _builder_version=&#8221;4.24.3&#8243; _module_preset=&#8221;default&#8221; global_colors_info=&#8221;{}&#8221;][et_pb_text _builder_version=&#8221;4.24.3&#8243; text_font=&#8221;||||||||&#8221; header_font=&#8221;||||||||&#8221; header_3_font=&#8221;|800||on|||||&#8221; header_3_font_size=&#8221;14px&#8221; header_3_letter_spacing=&#8221;2px&#8221; header_3_line_height=&#8221;1.4em&#8221; header_4_text_color=&#8221;gcid-30abb1c0-5b51-4239-803a-fb4f8b9b9876&#8243; custom_margin=&#8221;||10px||false|false&#8221; locked=&#8221;off&#8221; global_colors_info=&#8221;{%22gcid-30abb1c0-5b51-4239-803a-fb4f8b9b9876%22:%91%22header_4_text_color%22%93}&#8221;]<\/p>\n<h4>Heures d&#8217;ouverture principales<\/h4>\n<p>[\/et_pb_text][et_pb_text _builder_version=&#8221;4.24.3&#8243; _module_preset=&#8221;default&#8221; custom_margin=&#8221;||5px||false|false&#8221; global_colors_info=&#8221;{}&#8221;]<\/p>\n<div class=\"item-icon\">\n<span class=\"icon-clock\"><br \/>\n<\/span><\/p>\n<div class=\"item-icon-text\">\n<span>lun-ven : 8:00 &#8211; 12:00<\/span>\n<\/div>\n<\/div>\n<p>[\/et_pb_text][et_pb_text _builder_version=&#8221;4.24.3&#8243; _module_preset=&#8221;default&#8221; custom_margin=&#8221;||5px||false|false&#8221; global_colors_info=&#8221;{}&#8221;]<\/p>\n<div class=\"item-icon\">\n<span class=\"icon-clock\"><br \/>\n<\/span><\/p>\n<div class=\"item-icon-text\">\n<span>Lun+mer+ven : 14:00 &#8211; 17:00<\/span>\n<\/div>\n<\/div>\n<p>[\/et_pb_text][et_pb_text _builder_version=&#8221;4.24.3&#8243; _module_preset=&#8221;default&#8221; custom_margin=&#8221;||5px||false|false&#8221; global_colors_info=&#8221;{}&#8221;]<\/p>\n<div class=\"item-icon\">\n<span class=\"icon-clock\"><br \/>\n<\/span><\/p>\n<div class=\"item-icon-text\">\n<span>Dim-Sam : 14:00 &#8211; 19:00<\/span>\n<\/div>\n<\/div>\n<p>[\/et_pb_text][\/et_pb_column][\/et_pb_row][\/et_pb_section][et_pb_section fb_built=&#8221;1&#8243; module_id=&#8221;about&#8221; _builder_version=&#8221;4.24.3&#8243; background_enable_color=&#8221;off&#8221; background_enable_image=&#8221;off&#8221; background_position=&#8221;center_right&#8221; custom_padding=&#8221;25px||25px||true|false&#8221; global_colors_info=&#8221;{%22gcid-f965131e-7a3e-42aa-b2ad-7d42749ea648%22:%91%22background_color%22%93}&#8221;][et_pb_row make_equal=&#8221;on&#8221; _builder_version=&#8221;4.25.0&#8243; _module_preset=&#8221;default&#8221; background_color=&#8221;#FFFFFF&#8221; max_width=&#8221;1600px&#8221; custom_padding=&#8221;40px|40px|40px|40px|true|true&#8221; border_radii=&#8221;on|20px|20px|20px|20px&#8221; global_colors_info=&#8221;{}&#8221;][et_pb_column type=&#8221;4_4&#8243; _builder_version=&#8221;4.24.3&#8243; _module_preset=&#8221;default&#8221; custom_css_main_element=&#8221;margin:auto;&#8221; global_colors_info=&#8221;{}&#8221;][et_pb_code _builder_version=&#8221;4.27.4&#8243; _module_preset=&#8221;default&#8221; global_colors_info=&#8221;{}&#8221;]<div id=\"vue-wordpress-app-93e739e3-981b-4c17-8043-550116a04aa0\" data-app-url=\"https:\/\/www.tierarztpraxis-schutterwald.de\" data-fcaptcha-sitekey=\"FCMHA65IB503OTGV\" data-component=\"event-list\" data-lang=\"fr\" data-0=\"eventlist=&#039;{&quot;showUpcoming&quot;:&quot;2&quot;,&quot;showOptions&quot;:true,&quot;hideLinks&quot;:true,&quot;noEventFoundMessage&quot;:&quot;Aucun\" data-1=\"renseignement\" data-2=\"disponible\" data-3=\"actuellement\" data-4=\"pour\" data-5=\"le\" data-6=\"service\" data-7=\"d&#039;urgence.&quot;}&#039;\"><\/div>[\/et_pb_code][\/et_pb_column][\/et_pb_row][\/et_pb_section][et_pb_section fb_built=&#8221;1&#8243; module_id=&#8221;about&#8221; _builder_version=&#8221;4.24.3&#8243; background_enable_color=&#8221;off&#8221; background_enable_image=&#8221;off&#8221; background_position=&#8221;center_right&#8221; custom_padding=&#8221;25px||25px||true|false&#8221; global_colors_info=&#8221;{%22gcid-f965131e-7a3e-42aa-b2ad-7d42749ea648%22:%91%22background_color%22%93}&#8221;][et_pb_row column_structure=&#8221;1_2,1_2&#8243; make_equal=&#8221;on&#8221; _builder_version=&#8221;4.24.3&#8243; _module_preset=&#8221;default&#8221; background_color=&#8221;#FFFFFF&#8221; max_width=&#8221;1600px&#8221; custom_padding=&#8221;40px|40px|40px|40px|true|true&#8221; border_radii=&#8221;on|20px|20px|20px|20px&#8221; global_colors_info=&#8221;{}&#8221;][et_pb_column type=&#8221;1_2&#8243; _builder_version=&#8221;4.24.3&#8243; _module_preset=&#8221;default&#8221; custom_css_main_element=&#8221;margin:auto;&#8221; global_colors_info=&#8221;{}&#8221;][et_pb_text _builder_version=&#8221;4.24.3&#8243; _module_preset=&#8221;default&#8221; global_colors_info=&#8221;{}&#8221;]<\/p>\n<h2><span class=\"icon-logo-icon-mono\"><\/span> \u00c0 propos de nous<\/h2>\n<p>[\/et_pb_text][et_pb_text _builder_version=&#8221;4.27.3&#8243; _module_preset=&#8221;default&#8221; global_colors_info=&#8221;{}&#8221;]<\/p>\n<p><span>Notre cabinet a \u00e9t\u00e9 fond\u00e9 en 1997. Outre la propri\u00e9taire, Dr. Beate Kopf, notre \u00e9quipe engag\u00e9e compte six collaborateurs\/trices, pour la plupart de longue date. Nous pouvons communiquer avec vous en fran\u00e7ais, en allemand et en anglais. <\/span><span>Le contact personnel avec vous et vos animaux nous tient particuli\u00e8rement \u00e0 c\u0153ur.<\/span><\/p>\n<p>[\/et_pb_text][\/et_pb_column][et_pb_column type=&#8221;1_2&#8243; _builder_version=&#8221;4.24.3&#8243; _module_preset=&#8221;default&#8221; global_colors_info=&#8221;{}&#8221;][et_pb_image src=&#8221;https:\/\/www.tierarztpraxis-schutterwald.de\/wp-content\/uploads\/Tierarztpraxis_Dr_-Beate_Kopf-Teambild-12-edit-min.jpg&#8221; title_text=&#8221;Tierarztpraxis_Dr_ Beate_Kopf-Teambild-12-edit-min&#8221; align=&#8221;center&#8221; _builder_version=&#8221;4.25.0&#8243; max_height=&#8221;350px&#8221; custom_margin=&#8221;||||false|true&#8221; custom_padding=&#8221;||||false|false&#8221; custom_css_main_element=&#8221;margin:auto;&#8221; border_radii=&#8221;on|20px|20px|20px|20px&#8221; global_colors_info=&#8221;{}&#8221;][\/et_pb_image][\/et_pb_column][\/et_pb_row][\/et_pb_section][et_pb_section fb_built=&#8221;1&#8243; _builder_version=&#8221;4.24.3&#8243; background_enable_color=&#8221;off&#8221; background_enable_image=&#8221;off&#8221; background_position=&#8221;center_right&#8221; custom_padding=&#8221;25px||25px||true|false&#8221; global_colors_info=&#8221;{%22gcid-f965131e-7a3e-42aa-b2ad-7d42749ea648%22:%91%22background_color%22%93}&#8221;][et_pb_row column_structure=&#8221;2_5,3_5&#8243; _builder_version=&#8221;4.24.3&#8243; _module_preset=&#8221;default&#8221; background_color=&#8221;#FFFFFF&#8221; max_width=&#8221;1600px&#8221; custom_padding=&#8221;40px|40px|40px|40px|true|true&#8221; border_radii=&#8221;off|20px|20px||&#8221; global_colors_info=&#8221;{}&#8221;][et_pb_column type=&#8221;2_5&#8243; _builder_version=&#8221;4.24.3&#8243; _module_preset=&#8221;default&#8221; global_colors_info=&#8221;{}&#8221;][et_pb_text _builder_version=&#8221;4.24.3&#8243; _module_preset=&#8221;default&#8221; global_colors_info=&#8221;{}&#8221;]<\/p>\n<h2>Cabinet v\u00e9t\u00e9rinaire pour petits animaux<\/h2>\n<p>[\/et_pb_text][\/et_pb_column][et_pb_column type=&#8221;3_5&#8243; _builder_version=&#8221;4.24.3&#8243; _module_preset=&#8221;default&#8221; global_colors_info=&#8221;{}&#8221;][et_pb_text _builder_version=&#8221;4.24.3&#8243; _module_preset=&#8221;default&#8221; global_colors_info=&#8221;{}&#8221;]<\/p>\n<p><span>Nous examinons et traitons les chiens, les chats, les lapins, les cochons d&#8217;Inde, les furets et les oiseaux. <\/span><span>Si n\u00e9cessaire, nous proc\u00e9dons \u00e0 des examens compl\u00e9mentaires \u00e0 l&#8217;aide de la radiographie num\u00e9rique et de l&#8217;\u00e9chographie, ainsi qu&#8217;\u00e0 des analyses de laboratoire. <\/span><span>Nous mesurons \u00e9galement la pression art\u00e9rielle (m\u00e9thode Doppler) et la pression intraoculaire (Tonopen). Nous proposons de nombreuses op\u00e9rations des parties molles, comme la castration, la chirurgie des tumeurs, la chirurgie abdominale, la chirurgie des oreilles et des paupi\u00e8res. <\/span><span>L&#8217;un des points forts de notre activit\u00e9 est le traitement des dents d&#8217;animaux avec radiographie dentaire num\u00e9rique, obturations, traitements radiculaires et d\u00e9tartrage par ultrasons, ainsi que le traitement des maladies paradontales. <\/span><span>Nous pouvons hospitaliser vos animaux.<\/span><br \/><span>Des visites \u00e0 domicile sont \u00e9galement possibles. Nous effectuons des examens radiologiques pour la DH ( dysplasie de la hanche) et la DE ( dysplasie de l&#8217;articulation du coude). Nous effectuons \u00e9galement des examens de d\u00e9pistage de la luxation de la rotule chez les chiens et sommes agr\u00e9\u00e9s et list\u00e9s par le VDH pour cet examen d&#8217;\u00e9levage.<\/span><\/p>\n<p>[\/et_pb_text][\/et_pb_column][\/et_pb_row][et_pb_row column_structure=&#8221;1_3,1_3,1_3&#8243; use_custom_gutter=&#8221;on&#8221; gutter_width=&#8221;2&#8243; make_equal=&#8221;on&#8221; _builder_version=&#8221;4.24.3&#8243; _module_preset=&#8221;default&#8221; background_color=&#8221;#FFFFFF&#8221; max_width=&#8221;1600px&#8221; custom_padding=&#8221;40px|40px|40px|40px|true|true&#8221; border_radii=&#8221;off|||20px|20px&#8221; global_colors_info=&#8221;{}&#8221;][et_pb_column type=&#8221;1_3&#8243; _builder_version=&#8221;4.24.3&#8243; _module_preset=&#8221;default&#8221; global_colors_info=&#8221;{}&#8221;][et_pb_code _builder_version=&#8221;4.24.3&#8243; _module_preset=&#8221;default&#8221; background_image=&#8221;https:\/\/www.tierarztpraxis-schutterwald.de\/wp-content\/uploads\/30f530bfeba402fa00975eb1b63e0d91.webp&#8221; height=&#8221;360px&#8221; border_radii=&#8221;on|20px|20px|20px|20px&#8221; global_colors_info=&#8221;{}&#8221;][\/et_pb_code][\/et_pb_column][et_pb_column type=&#8221;1_3&#8243; _builder_version=&#8221;4.24.3&#8243; _module_preset=&#8221;default&#8221; global_colors_info=&#8221;{}&#8221;][et_pb_code _builder_version=&#8221;4.24.3&#8243; _module_preset=&#8221;default&#8221; background_image=&#8221;https:\/\/www.tierarztpraxis-schutterwald.de\/wp-content\/uploads\/ad1b78eeb16a4eefd8ac226c6e8b9cf1.webp&#8221; height=&#8221;360px&#8221; border_radii=&#8221;on|20px|20px|20px|20px&#8221; global_colors_info=&#8221;{}&#8221;][\/et_pb_code][\/et_pb_column][et_pb_column type=&#8221;1_3&#8243; _builder_version=&#8221;4.24.3&#8243; _module_preset=&#8221;default&#8221; global_colors_info=&#8221;{}&#8221;][et_pb_code _builder_version=&#8221;4.24.3&#8243; _module_preset=&#8221;default&#8221; background_image=&#8221;https:\/\/www.tierarztpraxis-schutterwald.de\/wp-content\/uploads\/91a6c5f75e3a52b40cf6106b08d8e760.webp&#8221; height=&#8221;360px&#8221; border_radii=&#8221;on|20px|20px|20px|20px&#8221; global_colors_info=&#8221;{}&#8221;][\/et_pb_code][\/et_pb_column][\/et_pb_row][\/et_pb_section][et_pb_section fb_built=&#8221;1&#8243; _builder_version=&#8221;4.24.3&#8243; background_enable_color=&#8221;off&#8221; background_enable_image=&#8221;off&#8221; background_position=&#8221;center_right&#8221; custom_padding=&#8221;25px||25px||true|false&#8221; global_colors_info=&#8221;{%22gcid-f965131e-7a3e-42aa-b2ad-7d42749ea648%22:%91%22background_color%22%93}&#8221;][et_pb_row column_structure=&#8221;2_5,3_5&#8243; _builder_version=&#8221;4.24.3&#8243; _module_preset=&#8221;default&#8221; background_color=&#8221;#FFFFFF&#8221; max_width=&#8221;1600px&#8221; custom_padding=&#8221;40px|40px|40px|40px|true|true&#8221; border_radii=&#8221;on|20px|20px|20px|20px&#8221; global_colors_info=&#8221;{}&#8221;][et_pb_column type=&#8221;2_5&#8243; _builder_version=&#8221;4.24.3&#8243; _module_preset=&#8221;default&#8221; global_colors_info=&#8221;{}&#8221;][et_pb_text _builder_version=&#8221;4.24.3&#8243; _module_preset=&#8221;default&#8221; global_colors_info=&#8221;{}&#8221;]<\/p>\n<h2>Pratique des animaux de rente<\/h2>\n<p>[\/et_pb_text][\/et_pb_column][et_pb_column type=&#8221;3_5&#8243; _builder_version=&#8221;4.24.3&#8243; _module_preset=&#8221;default&#8221; global_colors_info=&#8221;{}&#8221;][et_pb_text _builder_version=&#8221;4.24.3&#8243; _module_preset=&#8221;default&#8221; global_colors_info=&#8221;{}&#8221;]<\/p>\n<p><span>Avec notre v\u00e9hicule pratique sp\u00e9cialement \u00e9quip\u00e9, nous vous rendons visite sur votre exploitation agricole ou dans votre \u00e9levage de loisir. Pour les grands ou petits ruminants, nous effectuons tous les examens et traitements courants ainsi que les op\u00e9rations, y compris les IA chez les bovins.<\/span><br \/><span>Pour les porcs, nous prenons en charge les examens et les traitements individuels des animaux ainsi que les op\u00e9rations. Conform\u00e9ment \u00e0 l&#8217;ordonnance sur l&#8217;hygi\u00e8ne dans l&#8217;\u00e9levage porcin, nous nous occupons des troupeaux de porcs.<\/span><br \/><span>Les exploitations biologiques et les exploitations QS font \u00e9galement partie de notre client\u00e8le.<\/span><\/p>\n<p>[\/et_pb_text][\/et_pb_column][\/et_pb_row][\/et_pb_section]<\/p>\n","protected":false},"excerpt":{"rendered":"<p>Rendez-vous sur rendez-vous, \u00e9galement en dehors des heures de consultation.Contact Bahnhofstra\u00dfe 1477746 Schutterwald 0781 990 3737 Heures d&#8217;ouverture principales lun-ven : 8:00 &#8211; 12:00 Lun+mer+ven : 14:00 &#8211; 17:00 Dim-Sam : 14:00 &#8211; 19:00 <div id=\"vue-wordpress-app-60951f78-5b2a-41c0-85e5-718075c84fec\" data-app-url=\"https:\/\/www.tierarztpraxis-schutterwald.de\" data-fcaptcha-sitekey=\"FCMHA65IB503OTGV\" data-component=\"event-list\" data-lang=\"fr\" data-0=\"eventlist=&#039;{&quot;showUpcoming&quot;:&quot;2&quot;,&quot;showOptions&quot;:true,&quot;hideLinks&quot;:true,&quot;noEventFoundMessage&quot;:&quot;Aucun\" data-1=\"renseignement\" data-2=\"disponible\" data-3=\"actuellement\" data-4=\"pour\" data-5=\"le\" data-6=\"service\" data-7=\"d&#039;urgence.&quot;}&#039;\"><\/div> \u00c0 propos de nousNotre cabinet a \u00e9t\u00e9 fond\u00e9 en 1997. [&hellip;]<\/p>\n","protected":false},"author":1,"featured_media":0,"parent":0,"menu_order":0,"comment_status":"closed","ping_status":"closed","template":"","meta":{"_acf_changed":false,"_et_pb_use_builder":"on","_et_pb_old_content":"","_et_gb_content_width":"","inline_featured_image":false,"footnotes":""},"class_list":["post-988","page","type-page","status-publish","hentry"],"acf":[],"yoast_head":"<!-- This site is optimized with the Yoast SEO plugin v27.2 - https:\/\/yoast.com\/product\/yoast-seo-wordpress\/ -->\n<title>Tierarztpraxis Dr. Kopf - Nous restons ouverts pour vous<\/title>\n<meta name=\"description\" content=\"Cabinet v\u00e9t\u00e9rinaire Dr. Beate Kopf Votre cabinet v\u00e9t\u00e9rinaire pour petits animaux et animaux de rente \u00e0 Schutterwald.\" \/>\n<meta name=\"robots\" content=\"index, follow, max-snippet:-1, max-image-preview:large, max-video-preview:-1\" \/>\n<link rel=\"canonical\" href=\"https:\/\/www.tierarztpraxis-schutterwald.de\/\" \/>\n<meta property=\"og:locale\" content=\"fr_FR\" \/>\n<meta property=\"og:type\" content=\"article\" \/>\n<meta property=\"og:title\" content=\"Tierarztpraxis Dr. Kopf - Nous restons ouverts pour vous\" \/>\n<meta property=\"og:description\" content=\"Cabinet v\u00e9t\u00e9rinaire Dr. Beate Kopf Votre cabinet v\u00e9t\u00e9rinaire pour petits animaux et animaux de rente \u00e0 Schutterwald.\" \/>\n<meta property=\"og:url\" content=\"https:\/\/www.tierarztpraxis-schutterwald.de\/\" \/>\n<meta property=\"og:site_name\" content=\"Tierarztpraxis Dr. Kopf\" \/>\n<meta property=\"article:modified_time\" content=\"2025-02-11T18:47:35+00:00\" \/>\n<meta name=\"twitter:card\" content=\"summary_large_image\" \/>\n<meta name=\"twitter:label1\" content=\"Dur\u00e9e de lecture estim\u00e9e\" \/>\n\t<meta name=\"twitter:data1\" content=\"8 minutes\" \/>\n<script type=\"application\/ld+json\" class=\"yoast-schema-graph\">{\"@context\":\"https:\/\/schema.org\",\"@graph\":[{\"@type\":\"WebPage\",\"@id\":\"https:\/\/www.tierarztpraxis-schutterwald.de\/\",\"url\":\"https:\/\/www.tierarztpraxis-schutterwald.de\/\",\"name\":\"Tierarztpraxis Dr. Kopf - Nous restons ouverts pour vous\",\"isPartOf\":{\"@id\":\"https:\/\/www.tierarztpraxis-schutterwald.de\/#website\"},\"datePublished\":\"2019-07-06T13:01:51+00:00\",\"dateModified\":\"2025-02-11T18:47:35+00:00\",\"description\":\"Cabinet v\u00e9t\u00e9rinaire Dr. Beate Kopf Votre cabinet v\u00e9t\u00e9rinaire pour petits animaux et animaux de rente \u00e0 Schutterwald.\",\"breadcrumb\":{\"@id\":\"https:\/\/www.tierarztpraxis-schutterwald.de\/#breadcrumb\"},\"inLanguage\":\"fr-FR\",\"potentialAction\":[{\"@type\":\"ReadAction\",\"target\":[\"https:\/\/www.tierarztpraxis-schutterwald.de\/\"]}]},{\"@type\":\"BreadcrumbList\",\"@id\":\"https:\/\/www.tierarztpraxis-schutterwald.de\/#breadcrumb\",\"itemListElement\":[{\"@type\":\"ListItem\",\"position\":1,\"name\":\"Startseite\",\"item\":\"https:\/\/www.tierarztpraxis-schutterwald.de\/\"},{\"@type\":\"ListItem\",\"position\":2,\"name\":\"Home\"}]},{\"@type\":\"WebSite\",\"@id\":\"https:\/\/www.tierarztpraxis-schutterwald.de\/#website\",\"url\":\"https:\/\/www.tierarztpraxis-schutterwald.de\/\",\"name\":\"Tierarztpraxis Dr. Kopf\",\"description\":\"Ihre Tier\u00e4rztin f\u00fcr Klein- \/ Gro\u00dftiere in Schutterwald\",\"potentialAction\":[{\"@type\":\"SearchAction\",\"target\":{\"@type\":\"EntryPoint\",\"urlTemplate\":\"https:\/\/www.tierarztpraxis-schutterwald.de\/?s={search_term_string}\"},\"query-input\":{\"@type\":\"PropertyValueSpecification\",\"valueRequired\":true,\"valueName\":\"search_term_string\"}}],\"inLanguage\":\"fr-FR\"}]}<\/script>\n<!-- \/ Yoast SEO plugin. -->","yoast_head_json":{"title":"Tierarztpraxis Dr. Kopf - Nous restons ouverts pour vous","description":"Cabinet v\u00e9t\u00e9rinaire Dr. Beate Kopf Votre cabinet v\u00e9t\u00e9rinaire pour petits animaux et animaux de rente \u00e0 Schutterwald.","robots":{"index":"index","follow":"follow","max-snippet":"max-snippet:-1","max-image-preview":"max-image-preview:large","max-video-preview":"max-video-preview:-1"},"canonical":"https:\/\/www.tierarztpraxis-schutterwald.de\/","og_locale":"fr_FR","og_type":"article","og_title":"Tierarztpraxis Dr. Kopf - Nous restons ouverts pour vous","og_description":"Cabinet v\u00e9t\u00e9rinaire Dr. Beate Kopf Votre cabinet v\u00e9t\u00e9rinaire pour petits animaux et animaux de rente \u00e0 Schutterwald.","og_url":"https:\/\/www.tierarztpraxis-schutterwald.de\/","og_site_name":"Tierarztpraxis Dr. Kopf","article_modified_time":"2025-02-11T18:47:35+00:00","twitter_card":"summary_large_image","twitter_misc":{"Dur\u00e9e de lecture estim\u00e9e":"8 minutes"},"schema":{"@context":"https:\/\/schema.org","@graph":[{"@type":"WebPage","@id":"https:\/\/www.tierarztpraxis-schutterwald.de\/","url":"https:\/\/www.tierarztpraxis-schutterwald.de\/","name":"Tierarztpraxis Dr. Kopf - Nous restons ouverts pour vous","isPartOf":{"@id":"https:\/\/www.tierarztpraxis-schutterwald.de\/#website"},"datePublished":"2019-07-06T13:01:51+00:00","dateModified":"2025-02-11T18:47:35+00:00","description":"Cabinet v\u00e9t\u00e9rinaire Dr. Beate Kopf Votre cabinet v\u00e9t\u00e9rinaire pour petits animaux et animaux de rente \u00e0 Schutterwald.","breadcrumb":{"@id":"https:\/\/www.tierarztpraxis-schutterwald.de\/#breadcrumb"},"inLanguage":"fr-FR","potentialAction":[{"@type":"ReadAction","target":["https:\/\/www.tierarztpraxis-schutterwald.de\/"]}]},{"@type":"BreadcrumbList","@id":"https:\/\/www.tierarztpraxis-schutterwald.de\/#breadcrumb","itemListElement":[{"@type":"ListItem","position":1,"name":"Startseite","item":"https:\/\/www.tierarztpraxis-schutterwald.de\/"},{"@type":"ListItem","position":2,"name":"Home"}]},{"@type":"WebSite","@id":"https:\/\/www.tierarztpraxis-schutterwald.de\/#website","url":"https:\/\/www.tierarztpraxis-schutterwald.de\/","name":"Tierarztpraxis Dr. Kopf","description":"Ihre Tier\u00e4rztin f\u00fcr Klein- \/ Gro\u00dftiere in Schutterwald","potentialAction":[{"@type":"SearchAction","target":{"@type":"EntryPoint","urlTemplate":"https:\/\/www.tierarztpraxis-schutterwald.de\/?s={search_term_string}"},"query-input":{"@type":"PropertyValueSpecification","valueRequired":true,"valueName":"search_term_string"}}],"inLanguage":"fr-FR"}]}},"tag_names":[],"category_names":[],"thumbnail":false,"_links":{"self":[{"href":"https:\/\/www.tierarztpraxis-schutterwald.de\/fr\/wp-json\/wp\/v2\/pages\/988","targetHints":{"allow":["GET"]}}],"collection":[{"href":"https:\/\/www.tierarztpraxis-schutterwald.de\/fr\/wp-json\/wp\/v2\/pages"}],"about":[{"href":"https:\/\/www.tierarztpraxis-schutterwald.de\/fr\/wp-json\/wp\/v2\/types\/page"}],"author":[{"embeddable":true,"href":"https:\/\/www.tierarztpraxis-schutterwald.de\/fr\/wp-json\/wp\/v2\/users\/1"}],"replies":[{"embeddable":true,"href":"https:\/\/www.tierarztpraxis-schutterwald.de\/fr\/wp-json\/wp\/v2\/comments?post=988"}],"version-history":[{"count":14,"href":"https:\/\/www.tierarztpraxis-schutterwald.de\/fr\/wp-json\/wp\/v2\/pages\/988\/revisions"}],"predecessor-version":[{"id":1093,"href":"https:\/\/www.tierarztpraxis-schutterwald.de\/fr\/wp-json\/wp\/v2\/pages\/988\/revisions\/1093"}],"wp:attachment":[{"href":"https:\/\/www.tierarztpraxis-schutterwald.de\/fr\/wp-json\/wp\/v2\/media?parent=988"}],"curies":[{"name":"wp","href":"https:\/\/api.w.org\/{rel}","templated":true}]}}